{"id":200,"date":"2020-03-19T10:43:12","date_gmt":"2020-03-19T09:43:12","guid":{"rendered":"https:\/\/zukunft-durch-erinnerung.de\/?page_id=200"},"modified":"2021-05-09T21:56:08","modified_gmt":"2021-05-09T19:56:08","slug":"sabottage-im-vorwerk-herzensmut-franzoesische-zwangsarbeiter","status":"publish","type":"page","link":"https:\/\/zukunft-durch-erinnerung.de\/index.php\/zukunft-durch-erinnerung\/sabottage-im-vorwerk-herzensmut-franzoesische-zwangsarbeiter\/","title":{"rendered":"Steinstele 6: Im Angesicht des Todes f\u00fcr das Leben einstehen"},"content":{"rendered":"<p>&nbsp;<\/p>\n<p><strong>\u00a0\u00a0\u00a0\u00a0\u00a0\u00a0\u00a0\u00a0\u00a0\u00a0\u00a0\u00a0\u00a0\u00a0\u00a0\u00a0\u00a0\u00a0\u00a0\u00a0\u00a0\u00a0\u00a0\u00a0\u00a0\u00a0\u00a0\u00a0\u00a0\u00a0\u00a0\u00a0\u00a0\u00a0\u00a0\u00a0\u00a0\u00a0\u00a0\u00a0\u00a0\u00a0\u00a0\u00a0\u00a0\u00a0\u00a0\u00a0\u00a0\u00a0\u00a0\u00a0\u00a0\u00a0\u00a0\u00a0\u00a0\u00a0\u00a0\u00a0\u00a0\u00a0\u00a0\u00a0\u00a0\u00a0\u00a0\u00a0\u00a0\u00a0\u00a0\u00a0\u00a0\u00a0\u00a0\u00a0\u00a0\u00a0\u00a0\u00a0\u00a0\u00a0\u00a0\u00a0\u00a0\u00a0\u00a0\u00a0\u00a0\u00a0\u00a0\u00a0\u00a0\u00a0\u00a0\u00a0\u00a0\u00a0\u00a0\u00a0\u00a0\u00a0 <img loading=\"lazy\" class=\"alignnone wp-image-1635 size-medium\" src=\"https:\/\/zukunft-durch-erinnerung.de\/wp-content\/uploads\/2021\/05\/DSCN3491-2-188x300.jpg\" alt=\"\" width=\"188\" height=\"300\" srcset=\"https:\/\/zukunft-durch-erinnerung.de\/wp-content\/uploads\/2021\/05\/DSCN3491-2-188x300.jpg 188w, https:\/\/zukunft-durch-erinnerung.de\/wp-content\/uploads\/2021\/05\/DSCN3491-2-642x1024.jpg 642w, https:\/\/zukunft-durch-erinnerung.de\/wp-content\/uploads\/2021\/05\/DSCN3491-2-768x1225.jpg 768w, https:\/\/zukunft-durch-erinnerung.de\/wp-content\/uploads\/2021\/05\/DSCN3491-2-963x1536.jpg 963w, https:\/\/zukunft-durch-erinnerung.de\/wp-content\/uploads\/2021\/05\/DSCN3491-2-370x590.jpg 370w, https:\/\/zukunft-durch-erinnerung.de\/wp-content\/uploads\/2021\/05\/DSCN3491-2.jpg 991w\" sizes=\"(max-width: 188px) 100vw, 188px\" \/> <\/strong><\/p>\n<p style=\"text-align: center;\"><span style=\"font-size: 14pt;\"><strong>gewidmet dem Widerstand franz\u00f6sischer Zwangsarbeiter<\/strong><\/span><\/p>\n<p>&nbsp;<\/p>\n<hr style=\"border-color: #ddd;\" \/>\n<p>&nbsp;<\/p>\n<p><strong><span style=\"font-size: 14pt;\">Thema des Zeichens:<\/span><br \/>\n<\/strong>Franz\u00f6sische Zwangsarbeiter, die im Arbeitslager im Vorwerk untergebracht waren, hatten den Mut zur Sabotage.<\/p>\n<p>Das Vorwerk war ein Munitionswerk, das 1940 erbaut worden ist und ein Zulieferungslager zum Finower Flugplatz war. Im Keller wurden Bomben gedreht. Ca. 80 bis 100 Zwangsarbeiter, \u00fcberwiegend Franzosen, haben die Bomben in Kisten verpacken und etikettieren m\u00fcssen. Als bei einem Gro\u00dfangriff in der Sowjetunion Bomben abgeworfen wurden, die alle nicht explodierten, konnte man aufgrund der Kennzeichnung der Munitionskisten den Herstellungsort zur\u00fcckverfolgen.<\/p>\n<p>Obwohl die Franzosen wussten, dass dies ihr eigenes Leben gef\u00e4hrden w\u00fcrde, waren sie doch entschlossen gewesen, nicht den Tod \u00fcber Andere zu bringen. 10 Franz\u00f6sische Zwangsarbeiter wurden von der Gestapo im Vorwerk abgeholt. \u00dcber ihr weiteres Schicksal ist uns nichts bekannt.<\/p>\n<p>Den eigenen Idealen von Freiheit, Gleichheit und Br\u00fcderlichkeit unter den menschenverachtenden Bedingungen des 2. Weltkrieges treu zu bleiben, erfordert besonderen Mut. Daran m\u00f6chten wir mit dieser Stele erinnern. Die Sch\u00fcler*innen haben versucht, dieser mutigen Tat und inneren Haltung in der aufrechten und doch beweglichen Figur Ausdruck und W\u00fcrdigung zu geben.<\/p>\n<p><img loading=\"lazy\" class=\"alignnone size-medium wp-image-365\" src=\"https:\/\/zukunft-durch-erinnerung.de\/wp-content\/uploads\/2020\/03\/DSC_0104-300x200.jpg\" alt=\"\" width=\"300\" height=\"200\" srcset=\"https:\/\/zukunft-durch-erinnerung.de\/wp-content\/uploads\/2020\/03\/DSC_0104-300x200.jpg 300w, https:\/\/zukunft-durch-erinnerung.de\/wp-content\/uploads\/2020\/03\/DSC_0104-768x511.jpg 768w, https:\/\/zukunft-durch-erinnerung.de\/wp-content\/uploads\/2020\/03\/DSC_0104-370x246.jpg 370w, https:\/\/zukunft-durch-erinnerung.de\/wp-content\/uploads\/2020\/03\/DSC_0104.jpg 1000w\" sizes=\"(max-width: 300px) 100vw, 300px\" \/> <img loading=\"lazy\" class=\"alignnone size-medium wp-image-368\" src=\"https:\/\/zukunft-durch-erinnerung.de\/wp-content\/uploads\/2020\/03\/DSC_0360-300x200.jpg\" alt=\"\" width=\"300\" height=\"200\" srcset=\"https:\/\/zukunft-durch-erinnerung.de\/wp-content\/uploads\/2020\/03\/DSC_0360-300x200.jpg 300w, https:\/\/zukunft-durch-erinnerung.de\/wp-content\/uploads\/2020\/03\/DSC_0360-768x511.jpg 768w, https:\/\/zukunft-durch-erinnerung.de\/wp-content\/uploads\/2020\/03\/DSC_0360-370x246.jpg 370w, https:\/\/zukunft-durch-erinnerung.de\/wp-content\/uploads\/2020\/03\/DSC_0360.jpg 1000w\" sizes=\"(max-width: 300px) 100vw, 300px\" \/><\/p>\n<p>&nbsp;<\/p>\n<p><span style=\"font-size: 14pt;\"><strong>Historischer Ort:<\/strong> &#8222;<strong>Vorwerk&#8220; Biesenthal<\/strong><\/span><\/p>\n<p><strong><span style=\"font-size: 12pt;\">Zeitzeugenbericht Fred Keilhaus<\/span><\/strong><em><span style=\"font-size: 12pt;\"><br \/>\n&#8222;Vom Mai 1941 bis Mitte 1942 war ich im Fliegerhorst Finow (Mark) als Nachschubsoldat stationiert. Das Vorwerk &#8211; ein riesiges Gel\u00e4nde mit etwa 15 Hallen &#8211; zwischen Finow und Biesenthal &#8230; In einer der Hallen wurden von einigen franz\u00f6sichen Zwangsarbeitern unter Anleitung von deutschen Zivilarbeitern Bomben jeden Kalibers in Kisten verpackt, etikettiert und in Eisenbahnwagons verladen. Das Vorwerk hatte Gleisanschluss und von dort aus gingen die Wagons, zu den Z\u00fcgen zusammengestellt, an die Frontflugh\u00e4fen in Ost und West.<br \/>\nEines Tages, es war Mittagspause, lagen die franz\u00f6sischen Arbeiter vor der Halle im Gras und kratzten die letzten Reste aus dem Kochgeschirr. Pl\u00f6tzlich gab es einen Zwischenfall. Drei Gestapobeamte gingen mit gezogener Pistole zu den Franzosen und forderten f\u00fcnf davon auf, sofort in die Halle zu gehen. Das Tor wurde geschlossen. Nach etwa zehn Minuten kamen die f\u00fcnf und gingen wieder an ihre Arbeit. Alle schwiegen, aber man sah deutlich Trotz in ihren Gesichtern, als sie wieder an die Arbeit gingen.&#8220;\u00a0 (<\/span><\/em><span style=\"font-size: 12pt;\">Sie hatten paix (Frieden) auf die Kisten geschrieben und mussten es wegkratzen.<\/span><em><span style=\"font-size: 12pt;\">)<br \/>\n&#8222;Doch eines Tages wurde es ernst, kurz vor Feierabend fuhr ein Omnibus mit zehn SS-Leuten in die Halle und verhaftete eine Arbeitskolonne von 10 franz\u00f6sischen und deutschen Arbeitern. Trotz gr\u00f6\u00dfter Geheimhaltung sickerte es durch: In Kisten dieser Kolonne waren entsch\u00e4rfte Bomben festgestellt worden. Es ist keiner der Arbeiter wieder zur\u00fcckgekehrt. M\u00f6glich, dass die von den faschistischen Fliegern am 3. Juli 1941 auf den sowjetischen Bahnhof Dretun abgeworfenen und nicht explodierten Bomben von dieser Kolonne stammten.&#8220;<br \/>\n<\/span><\/em><span style=\"font-size: 12pt;\">Quelle: Entsch\u00e4rfte Bomben, Zuschrift von Fred Keilhaus, ND 9.8.1958<\/span><strong><br \/>\n<\/strong><\/p>\n<p><strong><img loading=\"lazy\" class=\"alignnone size-medium wp-image-366\" src=\"https:\/\/zukunft-durch-erinnerung.de\/wp-content\/uploads\/2020\/03\/DSC_0188-300x200.jpg\" alt=\"\" width=\"300\" height=\"200\" srcset=\"https:\/\/zukunft-durch-erinnerung.de\/wp-content\/uploads\/2020\/03\/DSC_0188-300x200.jpg 300w, https:\/\/zukunft-durch-erinnerung.de\/wp-content\/uploads\/2020\/03\/DSC_0188-768x511.jpg 768w, https:\/\/zukunft-durch-erinnerung.de\/wp-content\/uploads\/2020\/03\/DSC_0188-370x246.jpg 370w, https:\/\/zukunft-durch-erinnerung.de\/wp-content\/uploads\/2020\/03\/DSC_0188.jpg 1000w\" sizes=\"(max-width: 300px) 100vw, 300px\" \/> <img loading=\"lazy\" class=\"alignnone size-medium wp-image-367\" src=\"https:\/\/zukunft-durch-erinnerung.de\/wp-content\/uploads\/2020\/03\/DSC_0194-300x200.jpg\" alt=\"\" width=\"300\" height=\"200\" srcset=\"https:\/\/zukunft-durch-erinnerung.de\/wp-content\/uploads\/2020\/03\/DSC_0194-300x200.jpg 300w, https:\/\/zukunft-durch-erinnerung.de\/wp-content\/uploads\/2020\/03\/DSC_0194-768x511.jpg 768w, https:\/\/zukunft-durch-erinnerung.de\/wp-content\/uploads\/2020\/03\/DSC_0194-370x246.jpg 370w, https:\/\/zukunft-durch-erinnerung.de\/wp-content\/uploads\/2020\/03\/DSC_0194.jpg 1000w\" sizes=\"(max-width: 300px) 100vw, 300px\" \/><img loading=\"lazy\" class=\"alignnone wp-image-1546\" src=\"https:\/\/zukunft-durch-erinnerung.de\/wp-content\/uploads\/2020\/08\/DSCN2475-Kopie-300x225.jpg\" alt=\"\" width=\"268\" height=\"201\" srcset=\"https:\/\/zukunft-durch-erinnerung.de\/wp-content\/uploads\/2020\/08\/DSCN2475-Kopie-300x225.jpg 300w, https:\/\/zukunft-durch-erinnerung.de\/wp-content\/uploads\/2020\/08\/DSCN2475-Kopie-370x278.jpg 370w, https:\/\/zukunft-durch-erinnerung.de\/wp-content\/uploads\/2020\/08\/DSCN2475-Kopie.jpg 600w\" sizes=\"(max-width: 268px) 100vw, 268px\" \/><\/strong><\/p>\n<p><strong>Aus dem Biesenthaler Amtsblatt<\/strong><\/p>\n<p><em>&#8222;Im Zusammenhang mit dem Ausbau des Flugplatzes Finow f\u00fcr die deutsche Luftwaffe wurden sichere, abseits gelegene Lagerr\u00e4ume f\u00fcr Flugzeugteile, Ausr\u00fcstung und Munition ben\u00f6tigt. Deshalb begann man 1940 mit dem Bau des als &#8222;Vorwerk&#8220; bezeichneten Depot-Komplex an der Finower Chaussee. F\u00fcr einen Eisenbahnanschluss wurden Gleise, Bahnsteige und Rampen geschaffen. <\/em><span style=\"font-family: Calibri, sans-serif;\">[\u2026] <\/span><em>Auf dem Vorwerksgel\u00e4nde standen schon damals 15 gro\u00dfe Hallen, vollst\u00e4ndig unterkellert, so dass sogar LKWs in die unterirdischen Hallen hineinfahren konnten. Weiterhin gab es mehrer Schuppen und Baracken&#8230; Die offizielle Bezeichnung lautete dann Fliegerhorst Finow &#8211; Fliegerhorst-Kommandatur A(O) 28 III.&#8220; <\/em><span style=\"font-family: Calibri, sans-serif;\">[\u2026]<br \/>\n&#8222;<\/span><em>Im Vorwerk waren ca 300 M\u00e4nner und Frauen der Zivilbev\u00f6lkerung und ca. 100 Soldaten t\u00e4tig. Die Zahl der Zwangsarbeiter sch\u00e4tzte man auf 80 &#8211; 100; \u00fcberwiegend Franzosen.&#8220;<br \/>\nAb 1940 wurden franz\u00f6sische Kriegsgefangene als Zwangsarbeiter in Biesenthal eingesetzt. Ab 1942 wurden Zivilarbeiter zur Zwangsarbeit in Deutschland verpflichtet. Dieser Zivildienst kam bei den Franzosen einer Einberufung gleich. W\u00e4hrend des Krieges arbeiteten die Franzosen als Zwangsarbeiter auf dem zur Luftwaffe geh\u00f6renden &#8222;Vorwerk&#8220; an der Finower Chaussee. Im Vorwerk bauten sie Bomben und Munition. Viele wurden von der Gestapo verhaftet, weil sie Bombenz\u00fcnder unbrauchbar machten oder auch nur &#8222;Frieden&#8220; mit Kreide auf die Bomben geschrieben hatten. <\/em><span style=\"font-family: Calibri, sans-serif;\">[\u2026] <\/span><em>Am 21. April 1945 war der letzte Arbeitstag der Zwangsarbeiter &#8211; vermutlich wurden sie von den einmaschierenden Truppen befreit.&#8220;<br \/>\n<\/em>Quelle: Gertrud Poppe, Biesenthaler Amtsblatt, Serie: &#8222;Biesenthal vor 50 Jahren&#8220;, April 1995, S. 20-21.<\/p>\n<p><strong><span style=\"font-size: 14pt;\">Standort der Steinstele:<\/span> <span style=\"font-size: 14pt;\">Finower Chaussee<br \/>\n<img loading=\"lazy\" class=\"alignnone size-medium wp-image-1633\" src=\"https:\/\/zukunft-durch-erinnerung.de\/wp-content\/uploads\/2021\/05\/DSCN3490-Kopie-225x300.jpg\" alt=\"\" width=\"225\" height=\"300\" srcset=\"https:\/\/zukunft-durch-erinnerung.de\/wp-content\/uploads\/2021\/05\/DSCN3490-Kopie-225x300.jpg 225w, https:\/\/zukunft-durch-erinnerung.de\/wp-content\/uploads\/2021\/05\/DSCN3490-Kopie-370x493.jpg 370w, https:\/\/zukunft-durch-erinnerung.de\/wp-content\/uploads\/2021\/05\/DSCN3490-Kopie.jpg 600w\" sizes=\"(max-width: 225px) 100vw, 225px\" \/><\/span><\/strong><strong><br \/>\n<\/strong><\/p>\n<p><iframe style=\"border: 0;\" tabindex=\"0\" src=\"https:\/\/www.google.com\/maps\/embed?pb=!1m18!1m12!1m3!1d4952.179291331635!2d13.653144952249503!3d52.78189497976596!2m3!1f0!2f0!3f0!3m2!1i1024!2i768!4f13.1!3m3!1m2!1s0x0%3A0x0!2zNTLCsDQ2JzU0LjgiTiAxM8KwMzknMTkuMiJF!5e1!3m2!1sde!2sde!4v1588883563371!5m2!1sde!2sde\" width=\"400\" height=\"300\" frameborder=\"0\" allowfullscreen=\"allowfullscreen\" aria-hidden=\"false\"><\/iframe><\/p>\n","protected":false},"excerpt":{"rendered":"<p>&nbsp; \u00a0\u00a0\u00a0\u00a0\u00a0\u00a0\u00a0\u00a0\u00a0\u00a0\u00a0\u00a0\u00a0\u00a0\u00a0\u00a0\u00a0\u00a0\u00a0\u00a0\u00a0\u00a0\u00a0\u00a0\u00a0\u00a0\u00a0\u00a0\u00a0\u00a0\u00a0\u00a0\u00a0\u00a0\u00a0\u00a0\u00a0\u00a0\u00a0\u00a0\u00a0\u00a0\u00a0\u00a0\u00a0\u00a0\u00a0\u00a0\u00a0\u00a0\u00a0\u00a0\u00a0\u00a0\u00a0\u00a0\u00a0\u00a0\u00a0\u00a0\u00a0\u00a0\u00a0\u00a0\u00a0\u00a0\u00a0\u00a0\u00a0\u00a0\u00a0\u00a0\u00a0\u00a0\u00a0\u00a0\u00a0\u00a0\u00a0\u00a0\u00a0\u00a0\u00a0\u00a0\u00a0\u00a0\u00a0\u00a0\u00a0\u00a0\u00a0\u00a0\u00a0\u00a0\u00a0\u00a0\u00a0\u00a0\u00a0\u00a0\u00a0\u00a0 gewidmet dem Widerstand franz\u00f6sischer Zwangsarbeiter &nbsp; &nbsp; Thema des Zeichens: Franz\u00f6sische Zwangsarbeiter, die im Arbeitslager im Vorwerk untergebracht waren, hatten den Mut zur Sabotage. Das Vorwerk war ein Munitionswerk, das 1940 erbaut worden[&#8230;]<\/p>\n","protected":false},"author":2,"featured_media":0,"parent":9,"menu_order":77,"comment_status":"closed","ping_status":"closed","template":"","meta":[],"_links":{"self":[{"href":"https:\/\/zukunft-durch-erinnerung.de\/index.php\/wp-json\/wp\/v2\/pages\/200"}],"collection":[{"href":"https:\/\/zukunft-durch-erinnerung.de\/index.php\/wp-json\/wp\/v2\/pages"}],"about":[{"href":"https:\/\/zukunft-durch-erinnerung.de\/index.php\/wp-json\/wp\/v2\/types\/page"}],"author":[{"embeddable":true,"href":"https:\/\/zukunft-durch-erinnerung.de\/index.php\/wp-json\/wp\/v2\/users\/2"}],"replies":[{"embeddable":true,"href":"https:\/\/zukunft-durch-erinnerung.de\/index.php\/wp-json\/wp\/v2\/comments?post=200"}],"version-history":[{"count":62,"href":"https:\/\/zukunft-durch-erinnerung.de\/index.php\/wp-json\/wp\/v2\/pages\/200\/revisions"}],"predecessor-version":[{"id":1638,"href":"https:\/\/zukunft-durch-erinnerung.de\/index.php\/wp-json\/wp\/v2\/pages\/200\/revisions\/1638"}],"up":[{"embeddable":true,"href":"https:\/\/zukunft-durch-erinnerung.de\/index.php\/wp-json\/wp\/v2\/pages\/9"}],"wp:attachment":[{"href":"https:\/\/zukunft-durch-erinnerung.de\/index.php\/wp-json\/wp\/v2\/media?parent=200"}],"curies":[{"name":"wp","href":"https:\/\/api.w.org\/{rel}","templated":true}]}}