{"id":504,"date":"2020-03-24T18:17:33","date_gmt":"2020-03-24T17:17:33","guid":{"rendered":"https:\/\/zukunft-durch-erinnerung.de\/?page_id=504"},"modified":"2023-03-05T14:13:00","modified_gmt":"2023-03-05T13:13:00","slug":"links","status":"publish","type":"page","link":"https:\/\/zukunft-durch-erinnerung.de\/index.php\/links\/","title":{"rendered":"links"},"content":{"rendered":"<h1 id=\"title\" class=\"title cm-container-large cm-container-xlarge\" data-cm-hintable=\"yes\"><span style=\"font-size: 14pt; font-family: georgia, palatino, serif;\"><a href=\"http:\/\/brassens-in-basdorf.info\/\"><strong>Chansonfestival \u201eBrassens in Basdorf\u201c \u00a0 <img loading=\"lazy\" class=\"alignnone wp-image-675\" src=\"https:\/\/zukunft-durch-erinnerung.de\/wp-content\/uploads\/2020\/03\/Logo-Brassens-Festival-web-251x300.jpg\" alt=\"\" width=\"91\" height=\"109\" srcset=\"https:\/\/zukunft-durch-erinnerung.de\/wp-content\/uploads\/2020\/03\/Logo-Brassens-Festival-web-251x300.jpg 251w, https:\/\/zukunft-durch-erinnerung.de\/wp-content\/uploads\/2020\/03\/Logo-Brassens-Festival-web-370x442.jpg 370w, https:\/\/zukunft-durch-erinnerung.de\/wp-content\/uploads\/2020\/03\/Logo-Brassens-Festival-web.jpg 400w\" sizes=\"(max-width: 91px) 100vw, 91px\" \/><\/strong><\/a><br \/>\n<\/span><\/h1>\n<p><span style=\"font-size: 14pt; font-family: georgia, palatino, serif;\"><strong><a href=\"http:\/\/www.zivapamet.cz\/\"><img loading=\"lazy\" class=\"alignnone wp-image-381\" src=\"https:\/\/zukunft-durch-erinnerung.de\/wp-content\/uploads\/2020\/03\/logoZivaPametModra-300x92.jpg\" alt=\"\" width=\"215\" height=\"66\" srcset=\"https:\/\/zukunft-durch-erinnerung.de\/wp-content\/uploads\/2020\/03\/logoZivaPametModra-300x92.jpg 300w, https:\/\/zukunft-durch-erinnerung.de\/wp-content\/uploads\/2020\/03\/logoZivaPametModra.jpg 326w\" sizes=\"(max-width: 215px) 100vw, 215px\" \/>\u017div\u00e1 pam\u011b\u0165 (Lebendige Erinnerung) Prag\/ Tschechien <\/a><\/strong><\/span><\/p>\n<p>&nbsp;<\/p>\n<p><a href=\"https:\/\/www.ns-zwangsarbeit.de\/home\/\"><strong><span style=\"font-size: 14pt;\">https:\/\/www.ns-zwangsarbeit.de\/home\/<\/span><\/strong><\/a><br \/>\n<a href=\"https:\/\/www.ljr-brandenburg.de\/zeitwerk\/zeitenspruenge\/\"><span style=\"font-size: 14pt;\"><strong><span style=\"font-family: georgia, palatino, serif;\">Zeitenspr\u00fcnge &#8211; Jugendliche erforschen Geschichte(n) vor Ort der letzten 100 Jahre\u00a0 <\/span><img loading=\"lazy\" class=\"alignnone wp-image-404\" src=\"https:\/\/zukunft-durch-erinnerung.de\/wp-content\/uploads\/2020\/03\/serveimage-300x272.jpg\" alt=\"\" width=\"100\" height=\"91\" srcset=\"https:\/\/zukunft-durch-erinnerung.de\/wp-content\/uploads\/2020\/03\/serveimage-300x272.jpg 300w, https:\/\/zukunft-durch-erinnerung.de\/wp-content\/uploads\/2020\/03\/serveimage.jpg 345w\" sizes=\"(max-width: 100px) 100vw, 100px\" \/><\/strong><\/span><\/a><\/p>\n<p><strong><a href=\"https:\/\/www.wolfgang-w-schneider.de\/\"><span style=\"font-size: 14pt;\">https:\/\/www.wolfgang-w-schneider.de\/<\/span><\/a><\/strong><\/p>\n<p><span style=\"font-size: 14pt; font-family: georgia, palatino, serif;\"><a href=\"https:\/\/naturschule-barnim.de\/\"><strong><span style=\"font-family: georgia, palatino, serif;\">Freie Naturschule Barnim \/Biesenthal\u00a0\u00a0\u00a0 \u00a0 \u00a0 \u00a0\u00a0 \u00a0<\/span> <img loading=\"lazy\" class=\"alignnone wp-image-390\" src=\"https:\/\/zukunft-durch-erinnerung.de\/wp-content\/uploads\/2020\/03\/Logo.png\" alt=\"\" width=\"98\" height=\"98\" srcset=\"https:\/\/zukunft-durch-erinnerung.de\/wp-content\/uploads\/2020\/03\/Logo.png 200w, https:\/\/zukunft-durch-erinnerung.de\/wp-content\/uploads\/2020\/03\/Logo-150x150.png 150w\" sizes=\"(max-width: 98px) 100vw, 98px\" \/><\/strong><\/a><\/span><\/p>\n<h1 id=\"title\" class=\"title cm-container-large cm-container-xlarge\" data-cm-hintable=\"yes\"><span style=\"font-size: 14pt;\">\u00a0<\/span><\/h1>\n","protected":false},"excerpt":{"rendered":"<p>Chansonfestival \u201eBrassens in Basdorf\u201c \u00a0 \u017div\u00e1 pam\u011b\u0165 (Lebendige Erinnerung) Prag\/ Tschechien &nbsp; https:\/\/www.ns-zwangsarbeit.de\/home\/ Zeitenspr\u00fcnge &#8211; Jugendliche erforschen Geschichte(n) vor Ort der letzten 100 Jahre\u00a0 https:\/\/www.wolfgang-w-schneider.de\/ Freie Naturschule Barnim \/Biesenthal\u00a0\u00a0\u00a0 \u00a0 \u00a0 \u00a0\u00a0 \u00a0 \u00a0<\/p>\n","protected":false},"author":2,"featured_media":0,"parent":0,"menu_order":90,"comment_status":"closed","ping_status":"closed","template":"","meta":[],"_links":{"self":[{"href":"https:\/\/zukunft-durch-erinnerung.de\/index.php\/wp-json\/wp\/v2\/pages\/504"}],"collection":[{"href":"https:\/\/zukunft-durch-erinnerung.de\/index.php\/wp-json\/wp\/v2\/pages"}],"about":[{"href":"https:\/\/zukunft-durch-erinnerung.de\/index.php\/wp-json\/wp\/v2\/types\/page"}],"author":[{"embeddable":true,"href":"https:\/\/zukunft-durch-erinnerung.de\/index.php\/wp-json\/wp\/v2\/users\/2"}],"replies":[{"embeddable":true,"href":"https:\/\/zukunft-durch-erinnerung.de\/index.php\/wp-json\/wp\/v2\/comments?post=504"}],"version-history":[{"count":49,"href":"https:\/\/zukunft-durch-erinnerung.de\/index.php\/wp-json\/wp\/v2\/pages\/504\/revisions"}],"predecessor-version":[{"id":1659,"href":"https:\/\/zukunft-durch-erinnerung.de\/index.php\/wp-json\/wp\/v2\/pages\/504\/revisions\/1659"}],"wp:attachment":[{"href":"https:\/\/zukunft-durch-erinnerung.de\/index.php\/wp-json\/wp\/v2\/media?parent=504"}],"curies":[{"name":"wp","href":"https:\/\/api.w.org\/{rel}","templated":true}]}}