{"id":786,"date":"2020-04-06T10:28:36","date_gmt":"2020-04-06T08:28:36","guid":{"rendered":"https:\/\/zukunft-durch-erinnerung.de\/?page_id=786"},"modified":"2020-06-06T13:45:43","modified_gmt":"2020-06-06T11:45:43","slug":"video-galerie","status":"publish","type":"page","link":"https:\/\/zukunft-durch-erinnerung.de\/index.php\/video-galerie\/","title":{"rendered":"Video-Galerie"},"content":{"rendered":"<p>&nbsp;<\/p>\n<p>&nbsp;<\/p>\n<table>\n<tbody>\n<tr>\n<td><video src=\"https:\/\/zukunft-durch-erinnerung.de\/wp-content\/custom\/media\/video\/ZP_Biesenthal_Frau_Jarska.mp4\" preload=\"metadata\" controls=\"controls\" width=\"550\" height=\"auto\" buffered=\"\"><br \/>\nIhr Browser kann dieses Video nicht wiedergeben.<br \/>\nDieser Film die &#8222;Tschechische Zwangsarbeit in Biesenthal&#8220;.<br \/>\nSie k\u00f6nnen ihn unter <a href=\"https:\/\/zukunft-durch-erinnerung.de\/wp-content\/custom\/media\/video\/ZP_Biesenthal_Frau_Jarska.mp4\">Link-Addresse<\/a> abrufen.<br \/>\n<\/video><\/td>\n<td class=\"video-area\">\n<div class=\"video-header\">Tschechische Zwangsarbeit in Biesenthal<\/div>\n<div class=\"video-description\">\u017div\u00e1 pam\u011b\u0165 (Lebendige Erinnerung) &amp;<br \/>\nwild frei gr\u00fcn e.V. zeigen diese Erinnerungen.<\/div>\n<\/td>\n<\/tr>\n<\/tbody>\n<\/table>\n<table style=\"margin-top: 30px; width: 77.8011%;\">\n<tbody>\n<tr>\n<td style=\"width: 51.487%;\"><video src=\"https:\/\/zukunft-durch-erinnerung.de\/wp-content\/custom\/media\/video\/lebendige_Erinnerung-Zwangsarbeit_in_Biesenthal.mp4\" preload=\"metadata\" controls=\"controls\" width=\"550\" height=\"auto\" buffered=\"\"><br \/>\nIhr Browser kann dieses Video nicht wiedergeben.<br \/>\nDieser Film das Schulprojekt &#8222;lebendige Erinnerung &#8211; Zwangsarbeit in Biesenthal&#8220;.<br \/>\nSie k\u00f6nnen ihn unter <a href=\"https:\/\/zukunft-durch-erinnerung.de\/wp-content\/custom\/media\/video\/lebendige_Erinnerung-Zwangsarbeit_in_Biesenthal.mp4\">Link-Addresse<\/a> abrufen.<br \/>\n<\/video><\/td>\n<td class=\"video-area\" style=\"width: 47.6766%;\">\n<div class=\"video-header\">Sch\u00fcler*innenfilm: &#8222;Die W\u00fcrde des Menschen &#8211;\u00a0 Zwangsarbeit in Biesenthal&#8220;<\/div>\n<div class=\"video-description\"><\/div>\n<\/td>\n<\/tr>\n<\/tbody>\n<\/table>\n","protected":false},"excerpt":{"rendered":"<p>&nbsp; &nbsp; Ihr Browser kann dieses Video nicht wiedergeben. Dieser Film die &#8222;Tschechische Zwangsarbeit in Biesenthal&#8220;. Sie k\u00f6nnen ihn unter Link-Addresse abrufen. Tschechische Zwangsarbeit in Biesenthal \u017div\u00e1 pam\u011b\u0165 (Lebendige Erinnerung) &amp; wild frei gr\u00fcn e.V.[&#8230;]<\/p>\n","protected":false},"author":1,"featured_media":0,"parent":0,"menu_order":60,"comment_status":"closed","ping_status":"closed","template":"","meta":[],"_links":{"self":[{"href":"https:\/\/zukunft-durch-erinnerung.de\/index.php\/wp-json\/wp\/v2\/pages\/786"}],"collection":[{"href":"https:\/\/zukunft-durch-erinnerung.de\/index.php\/wp-json\/wp\/v2\/pages"}],"about":[{"href":"https:\/\/zukunft-durch-erinnerung.de\/index.php\/wp-json\/wp\/v2\/types\/page"}],"author":[{"embeddable":true,"href":"https:\/\/zukunft-durch-erinnerung.de\/index.php\/wp-json\/wp\/v2\/users\/1"}],"replies":[{"embeddable":true,"href":"https:\/\/zukunft-durch-erinnerung.de\/index.php\/wp-json\/wp\/v2\/comments?post=786"}],"version-history":[{"count":40,"href":"https:\/\/zukunft-durch-erinnerung.de\/index.php\/wp-json\/wp\/v2\/pages\/786\/revisions"}],"predecessor-version":[{"id":1508,"href":"https:\/\/zukunft-durch-erinnerung.de\/index.php\/wp-json\/wp\/v2\/pages\/786\/revisions\/1508"}],"wp:attachment":[{"href":"https:\/\/zukunft-durch-erinnerung.de\/index.php\/wp-json\/wp\/v2\/media?parent=786"}],"curies":[{"name":"wp","href":"https:\/\/api.w.org\/{rel}","templated":true}]}}