{"id":9,"date":"2019-12-12T23:15:06","date_gmt":"2019-12-12T22:15:06","guid":{"rendered":"https:\/\/zukunft-durch-erinnerung.de\/?page_id=9"},"modified":"2021-05-09T22:13:42","modified_gmt":"2021-05-09T20:13:42","slug":"zukunft-durch-erinnerung","status":"publish","type":"page","link":"https:\/\/zukunft-durch-erinnerung.de\/","title":{"rendered":"WEG der W\u00dcRDE durch Biesenthal"},"content":{"rendered":"<div class=\"header-subtext\">\n<p style=\"line-height: 22px; text-align: center;\"><span style=\"font-size: 12pt;\"><strong><br \/>\nDie Vergangenheit w\u00fcrdigen, um in W\u00fcrde zu leben<br \/>\n<\/strong><br \/>\n<em>&#8222;Vergangenes pr\u00e4gt uns, oft unbewusst. Wenn wir uns bewusst erinnern, k\u00f6nnen wir differenzieren, was gut war und was Leid verursacht hat. Und wir k\u00f6nnen aus den Erfahrungen lernen. Deswegen gilt es zu w\u00fcrdigen, was war und was ist. Woher wir kommen, wer wir sind und wie wir sein wollen. Die Stelen der Erinnerung sind ein gro\u00dfartiger Beitrag daf\u00fcr. Sie stehen als Meilensteine und aufrecht auf dem Weg der W\u00fcrde &#8211; als Mahnmal und Symbol f\u00fcr Schuld und die Unteilbarkeit der Menschenw\u00fcrde und des Menschenrechts, \u00fcber alle Grenzen hinweg.&#8220;<\/em> <\/span><\/p>\n<p style=\"line-height: 22px; text-align: center;\"><span style=\"font-size: 12pt;\">Gru\u00dfwort von Dr. Gabriele Frick-Baer und Dr. Udo Baer<\/span><\/p>\n<p>&nbsp;<\/p>\n<\/div>\n<div class=\"startpage-stelen-container\">\n<p><a href=\"https:\/\/zukunft-durch-erinnerung.de\/index.php\/zukunft-durch-erinnerung\/stiller-held-ardrianus-millenaar\/\"><img loading=\"lazy\" class=\"alignnone size-medium wp-image-981\" src=\"https:\/\/zukunft-durch-erinnerung.de\/wp-content\/uploads\/2020\/04\/AdrianusStele.jpg\" alt=\"\" width=\"300\" height=\"225\" \/><span class=\"moving-container\"><span class=\"stelen-title\">Stiller Held \/ Adrianus Millenaar <\/span><span class=\"stelen-vorschautext\" style=\"white-space: nowrap;\">niederl\u00e4ndischer Diplomat<\/span><\/span><\/a><a href=\"https:\/\/zukunft-durch-erinnerung.de\/index.php\/zukunft-durch-erinnerung\/polnische-zwangsarbeiterinnen-auf-den-biesenthaler-bauernhoefen\/\"><img loading=\"lazy\" class=\"alignnone wp-image-1516 size-medium\" src=\"https:\/\/zukunft-durch-erinnerung.de\/wp-content\/uploads\/2020\/06\/DSCN2107-3-282x300.jpg\" alt=\"\" width=\"282\" height=\"300\" srcset=\"https:\/\/zukunft-durch-erinnerung.de\/wp-content\/uploads\/2020\/06\/DSCN2107-3-282x300.jpg 282w, https:\/\/zukunft-durch-erinnerung.de\/wp-content\/uploads\/2020\/06\/DSCN2107-3-963x1024.jpg 963w, https:\/\/zukunft-durch-erinnerung.de\/wp-content\/uploads\/2020\/06\/DSCN2107-3-768x817.jpg 768w, https:\/\/zukunft-durch-erinnerung.de\/wp-content\/uploads\/2020\/06\/DSCN2107-3-1444x1536.jpg 1444w, https:\/\/zukunft-durch-erinnerung.de\/wp-content\/uploads\/2020\/06\/DSCN2107-3-1925x2048.jpg 1925w, https:\/\/zukunft-durch-erinnerung.de\/wp-content\/uploads\/2020\/06\/DSCN2107-3-370x394.jpg 370w, https:\/\/zukunft-durch-erinnerung.de\/wp-content\/uploads\/2020\/06\/DSCN2107-3-1040x1106.jpg 1040w\" sizes=\"(max-width: 282px) 100vw, 282px\" \/><span class=\"moving-container\"><span class=\"stelen-title\">Polen <\/span><span class=\"stelen-vorschautext\">Zwangsarbeiter*innen auf den Bauernh\u00f6fen in Biesenthal<\/span><\/span><\/a><a href=\"https:\/\/zukunft-durch-erinnerung.de\/index.php\/zukunft-durch-erinnerung\/tschechische-zwangsarbeiter-im-lager-heideberg\/\"><img loading=\"lazy\" class=\"alignnone size-medium wp-image-992\" src=\"https:\/\/zukunft-durch-erinnerung.de\/wp-content\/uploads\/2020\/04\/10-4-180x300.jpg\" alt=\"\" width=\"180\" height=\"300\" srcset=\"https:\/\/zukunft-durch-erinnerung.de\/wp-content\/uploads\/2020\/04\/10-4-180x300.jpg 180w, https:\/\/zukunft-durch-erinnerung.de\/wp-content\/uploads\/2020\/04\/10-4-616x1024.jpg 616w, https:\/\/zukunft-durch-erinnerung.de\/wp-content\/uploads\/2020\/04\/10-4-768x1277.jpg 768w, https:\/\/zukunft-durch-erinnerung.de\/wp-content\/uploads\/2020\/04\/10-4-924x1536.jpg 924w, https:\/\/zukunft-durch-erinnerung.de\/wp-content\/uploads\/2020\/04\/10-4-1231x2048.jpg 1231w, https:\/\/zukunft-durch-erinnerung.de\/wp-content\/uploads\/2020\/04\/10-4-370x615.jpg 370w, https:\/\/zukunft-durch-erinnerung.de\/wp-content\/uploads\/2020\/04\/10-4-1040x1730.jpg 1040w, https:\/\/zukunft-durch-erinnerung.de\/wp-content\/uploads\/2020\/04\/10-4-scaled.jpg 1539w\" sizes=\"(max-width: 180px) 100vw, 180px\" \/><span class=\"moving-container\"><span class=\"stelen-title\">Tschechen<\/span><span class=\"stelen-vorschautext\"> im Arbeitslager am Heideberg<\/span><\/span><\/a><a href=\"https:\/\/zukunft-durch-erinnerung.de\/index.php\/zukunft-durch-erinnerung\/kz-aussenlager\/\"><img loading=\"lazy\" class=\"alignnone size-medium wp-image-982\" src=\"https:\/\/zukunft-durch-erinnerung.de\/wp-content\/uploads\/2020\/04\/Taube-Kopie-5-225x300.jpg\" alt=\"\" width=\"225\" height=\"300\" srcset=\"https:\/\/zukunft-durch-erinnerung.de\/wp-content\/uploads\/2020\/04\/Taube-Kopie-5-225x300.jpg 225w, https:\/\/zukunft-durch-erinnerung.de\/wp-content\/uploads\/2020\/04\/Taube-Kopie-5-768x1024.jpg 768w, https:\/\/zukunft-durch-erinnerung.de\/wp-content\/uploads\/2020\/04\/Taube-Kopie-5-1152x1536.jpg 1152w, https:\/\/zukunft-durch-erinnerung.de\/wp-content\/uploads\/2020\/04\/Taube-Kopie-5-1536x2048.jpg 1536w, https:\/\/zukunft-durch-erinnerung.de\/wp-content\/uploads\/2020\/04\/Taube-Kopie-5-370x493.jpg 370w, https:\/\/zukunft-durch-erinnerung.de\/wp-content\/uploads\/2020\/04\/Taube-Kopie-5-1040x1387.jpg 1040w, https:\/\/zukunft-durch-erinnerung.de\/wp-content\/uploads\/2020\/04\/Taube-Kopie-5-scaled.jpg 1920w\" sizes=\"(max-width: 225px) 100vw, 225px\" \/><span class=\"moving-container\"><span class=\"stelen-title\">KZ Au\u00dfenlager<\/span><span class=\"stelen-vorschautext\">\u00a0Sachsenhausen am Hellm\u00fchler Weg in Biesenthal <\/span><\/span><\/a><a href=\"https:\/\/zukunft-durch-erinnerung.de\/index.php\/zukunft-durch-erinnerung\/vergangenheit-und-zukunft\/\"><img loading=\"lazy\" class=\"alignnone size-medium wp-image-985\" src=\"https:\/\/zukunft-durch-erinnerung.de\/wp-content\/uploads\/2020\/04\/Begegnung-von-Vergangenheit-und-Zukunft-in-der-gepflanzeten-Rose_Gegenwart-PAULA-1-3-225x300.jpg\" alt=\"\" width=\"225\" height=\"300\" srcset=\"https:\/\/zukunft-durch-erinnerung.de\/wp-content\/uploads\/2020\/04\/Begegnung-von-Vergangenheit-und-Zukunft-in-der-gepflanzeten-Rose_Gegenwart-PAULA-1-3-225x300.jpg 225w, https:\/\/zukunft-durch-erinnerung.de\/wp-content\/uploads\/2020\/04\/Begegnung-von-Vergangenheit-und-Zukunft-in-der-gepflanzeten-Rose_Gegenwart-PAULA-1-3-768x1024.jpg 768w, https:\/\/zukunft-durch-erinnerung.de\/wp-content\/uploads\/2020\/04\/Begegnung-von-Vergangenheit-und-Zukunft-in-der-gepflanzeten-Rose_Gegenwart-PAULA-1-3-1152x1536.jpg 1152w, https:\/\/zukunft-durch-erinnerung.de\/wp-content\/uploads\/2020\/04\/Begegnung-von-Vergangenheit-und-Zukunft-in-der-gepflanzeten-Rose_Gegenwart-PAULA-1-3-1536x2048.jpg 1536w, https:\/\/zukunft-durch-erinnerung.de\/wp-content\/uploads\/2020\/04\/Begegnung-von-Vergangenheit-und-Zukunft-in-der-gepflanzeten-Rose_Gegenwart-PAULA-1-3-370x493.jpg 370w, https:\/\/zukunft-durch-erinnerung.de\/wp-content\/uploads\/2020\/04\/Begegnung-von-Vergangenheit-und-Zukunft-in-der-gepflanzeten-Rose_Gegenwart-PAULA-1-3-1040x1387.jpg 1040w, https:\/\/zukunft-durch-erinnerung.de\/wp-content\/uploads\/2020\/04\/Begegnung-von-Vergangenheit-und-Zukunft-in-der-gepflanzeten-Rose_Gegenwart-PAULA-1-3-scaled.jpg 1920w\" sizes=\"(max-width: 225px) 100vw, 225px\" \/><span class=\"moving-container\"><span class=\"stelen-title\">Tschechen <\/span><span class=\"stelen-vorschautext\">Polizeiausweichlager (PAULA) Prendener Weg <\/span><\/span><\/a><a href=\"https:\/\/zukunft-durch-erinnerung.de\/index.php\/zukunft-durch-erinnerung\/sabottage-im-vorwerk-herzensmut-franzoesische-zwangsarbeiter\/\"><img loading=\"lazy\" class=\"alignnone wp-image-1648 size-medium\" src=\"https:\/\/zukunft-durch-erinnerung.de\/wp-content\/uploads\/2021\/05\/DSCN3491-4-195x300.jpg\" alt=\"\" width=\"195\" height=\"300\" srcset=\"https:\/\/zukunft-durch-erinnerung.de\/wp-content\/uploads\/2021\/05\/DSCN3491-4-195x300.jpg 195w, https:\/\/zukunft-durch-erinnerung.de\/wp-content\/uploads\/2021\/05\/DSCN3491-4-665x1024.jpg 665w, https:\/\/zukunft-durch-erinnerung.de\/wp-content\/uploads\/2021\/05\/DSCN3491-4-768x1183.jpg 768w, https:\/\/zukunft-durch-erinnerung.de\/wp-content\/uploads\/2021\/05\/DSCN3491-4-370x570.jpg 370w, https:\/\/zukunft-durch-erinnerung.de\/wp-content\/uploads\/2021\/05\/DSCN3491-4.jpg 816w\" sizes=\"(max-width: 195px) 100vw, 195px\" \/><span class=\"moving-container\"><span class=\"stelen-title\">Franzosen<\/span><span class=\"stelen-vorschautext\"> Widerstand im Vorwerk<\/span><\/span><\/a><a href=\"https:\/\/zukunft-durch-erinnerung.de\/index.php\/zukunft-durch-erinnerung\/italienische-kreigsgefangene-im-lager-der-ss-hundestaffel\/\"><img loading=\"lazy\" class=\"alignnone wp-image-1513 size-medium\" src=\"https:\/\/zukunft-durch-erinnerung.de\/wp-content\/uploads\/2020\/06\/DSCN2270-3-296x300.jpg\" alt=\"\" width=\"296\" height=\"300\" srcset=\"https:\/\/zukunft-durch-erinnerung.de\/wp-content\/uploads\/2020\/06\/DSCN2270-3-296x300.jpg 296w, https:\/\/zukunft-durch-erinnerung.de\/wp-content\/uploads\/2020\/06\/DSCN2270-3-768x779.jpg 768w, https:\/\/zukunft-durch-erinnerung.de\/wp-content\/uploads\/2020\/06\/DSCN2270-3-370x375.jpg 370w, https:\/\/zukunft-durch-erinnerung.de\/wp-content\/uploads\/2020\/06\/DSCN2270-3.jpg 978w\" sizes=\"(max-width: 296px) 100vw, 296px\" \/><span class=\"moving-container\"><span class=\"stelen-title\">Italiener <\/span><span class=\"stelen-vorschautext\">im Lager der SS-Hundestaffel am Bahnhof<\/span><\/span><\/a><\/p>\n<p>&nbsp;<\/p>\n<p><strong>\u00a0<\/strong><\/p>\n<\/div>\n","protected":false},"excerpt":{"rendered":"<p>Die Vergangenheit w\u00fcrdigen, um in W\u00fcrde zu leben &#8222;Vergangenes pr\u00e4gt uns, oft unbewusst. Wenn wir uns bewusst erinnern, k\u00f6nnen wir differenzieren, was gut war und was Leid verursacht hat. Und wir k\u00f6nnen aus den Erfahrungen[&#8230;]<\/p>\n","protected":false},"author":1,"featured_media":0,"parent":0,"menu_order":65,"comment_status":"closed","ping_status":"closed","template":"","meta":[],"_links":{"self":[{"href":"https:\/\/zukunft-durch-erinnerung.de\/index.php\/wp-json\/wp\/v2\/pages\/9"}],"collection":[{"href":"https:\/\/zukunft-durch-erinnerung.de\/index.php\/wp-json\/wp\/v2\/pages"}],"about":[{"href":"https:\/\/zukunft-durch-erinnerung.de\/index.php\/wp-json\/wp\/v2\/types\/page"}],"author":[{"embeddable":true,"href":"https:\/\/zukunft-durch-erinnerung.de\/index.php\/wp-json\/wp\/v2\/users\/1"}],"replies":[{"embeddable":true,"href":"https:\/\/zukunft-durch-erinnerung.de\/index.php\/wp-json\/wp\/v2\/comments?post=9"}],"version-history":[{"count":100,"href":"https:\/\/zukunft-durch-erinnerung.de\/index.php\/wp-json\/wp\/v2\/pages\/9\/revisions"}],"predecessor-version":[{"id":1649,"href":"https:\/\/zukunft-durch-erinnerung.de\/index.php\/wp-json\/wp\/v2\/pages\/9\/revisions\/1649"}],"wp:attachment":[{"href":"https:\/\/zukunft-durch-erinnerung.de\/index.php\/wp-json\/wp\/v2\/media?parent=9"}],"curies":[{"name":"wp","href":"https:\/\/api.w.org\/{rel}","templated":true}]}}